{"id":6,"date":"2026-02-02T09:53:50","date_gmt":"2026-02-02T09:53:50","guid":{"rendered":"https:\/\/secretariabot.eram.cat\/?page_id=6"},"modified":"2026-02-12T07:10:15","modified_gmt":"2026-02-12T07:10:15","slug":"6-2","status":"publish","type":"page","link":"https:\/\/secretariabot.eram.cat\/","title":{"rendered":"Secretaria Acad\u00e9mica"},"content":{"rendered":"\n<h2 class=\"wp-block-heading\">Servei d\u2019Ajuda a l\u2019Estudiant<\/h2>\n\n\n\n<p>Hola! \ud83d\udc4b<br>Soc l\u2019assistent virtual de la Secretaria acad\u00e8mica de l&#8217;ERAM.<br>Pots preguntar-me sobre matr\u00edcula, cr\u00e8dits, assignatures i tr\u00e0mits acad\u00e8mics.<\/p>\n\n\n\n<div class=\"eurebot-react\">\n<\/div>\n\n\n\n\n<p><\/p>\n","protected":false},"excerpt":{"rendered":"<p>Servei d\u2019Ajuda a l\u2019Estudiant Hola! \ud83d\udc4bSoc l\u2019assistent virtual de la Secretaria acad\u00e8mica de l&#8217;ERAM.Pots preguntar-me sobre matr\u00edcula, cr\u00e8dits, assignatures i tr\u00e0mits acad\u00e8mics.<\/p>\n","protected":false},"author":1,"featured_media":0,"parent":0,"menu_order":0,"comment_status":"closed","ping_status":"closed","template":"","meta":{"footnotes":""},"class_list":["post-6","page","type-page","status-publish","hentry"],"_links":{"self":[{"href":"https:\/\/secretariabot.eram.cat\/index.php?rest_route=\/wp\/v2\/pages\/6","targetHints":{"allow":["GET"]}}],"collection":[{"href":"https:\/\/secretariabot.eram.cat\/index.php?rest_route=\/wp\/v2\/pages"}],"about":[{"href":"https:\/\/secretariabot.eram.cat\/index.php?rest_route=\/wp\/v2\/types\/page"}],"author":[{"embeddable":true,"href":"https:\/\/secretariabot.eram.cat\/index.php?rest_route=\/wp\/v2\/users\/1"}],"replies":[{"embeddable":true,"href":"https:\/\/secretariabot.eram.cat\/index.php?rest_route=%2Fwp%2Fv2%2Fcomments&post=6"}],"version-history":[{"count":10,"href":"https:\/\/secretariabot.eram.cat\/index.php?rest_route=\/wp\/v2\/pages\/6\/revisions"}],"predecessor-version":[{"id":30,"href":"https:\/\/secretariabot.eram.cat\/index.php?rest_route=\/wp\/v2\/pages\/6\/revisions\/30"}],"wp:attachment":[{"href":"https:\/\/secretariabot.eram.cat\/index.php?rest_route=%2Fwp%2Fv2%2Fmedia&parent=6"}],"curies":[{"name":"wp","href":"https:\/\/api.w.org\/{rel}","templated":true}]}}